{"id":981,"date":"2015-11-05T13:29:48","date_gmt":"2015-11-05T12:29:48","guid":{"rendered":"http:\/\/www.nj-fusion.com\/?page_id=981&#038;lang=en"},"modified":"2017-06-09T14:16:31","modified_gmt":"2017-06-09T12:16:31","slug":"home","status":"publish","type":"page","link":"https:\/\/www.nj-fusion.com\/en\/","title":{"rendered":"Home"},"content":{"rendered":"[mk_page_section bg_color=&#8221;#262626&#8243; bg_repeat=&#8221;repeat-x&#8221; bg_stretch=&#8221;true&#8221; min_height=&#8221;0&#8243; full_width=&#8221;true&#8221; full_height=&#8221;true&#8221; padding_top=&#8221;0&#8243; padding_bottom=&#8221;0&#8243; top_shape_color=&#8221;#ffffff&#8221; bottom_shape_color=&#8221;#ffffff&#8221; sidebar=&#8221;sidebar-1&#8243;][vc_column][mk_image src=&#8221;https:\/\/www.nj-fusion.com\/wp-content\/uploads\/2016\/11\/bg21.jpg&#8221; align=&#8221;center&#8221; margin_bottom=&#8221;14&#8243; animation=&#8221;bottom-to-top&#8221; crop=&#8221;false&#8221;][\/vc_column][\/mk_page_section][mk_page_section bg_color=&#8221;#262626&#8243; sidebar=&#8221;sidebar-1&#8243;][vc_column][mk_fancy_title tag_name=&#8221;h1&#8243; color=&#8221;#ffffff&#8221; size=&#8221;68&#8243; line_height=&#8221;90&#8243; font_family=&#8221;Monoton&#8221; font_type=&#8221;google&#8221; align=&#8221;center&#8221;]\n<p style=\"text-align: center;\">Orchestre, Live Band, Mariage en Israel<\/p>\n[\/mk_fancy_title][vc_column_text]NJ Fusion est le fruit d&#8217;une collaboration entre plusieurs musiciens de diff\u00e9rents\u00a0horizons. Entre le Jazz, la Pop et le Blues, NJ Fusion propose des prestations adapt\u00e9es \u00e0 toutes les ambiances. Que vous soyez un restaurant, un bar lounge ou un hotel, NJ Fusion cr\u00e9era une ambiance digne des plus grands \u00e9tablissement au monde.[\/vc_column_text][\/vc_column][\/mk_page_section][mk_page_section bg_image=&#8221;https:\/\/www.nj-fusion.com\/wp-content\/uploads\/2017\/02\/saturation-51.jpg&#8221; attachment=&#8221;fixed&#8221; bg_repeat=&#8221;no-repeat&#8221; bg_stretch=&#8221;true&#8221; enable_3d=&#8221;true&#8221; speed_factor=&#8221;0.5&#8243; min_height=&#8221;700&#8243; padding_top=&#8221;90&#8243; padding_bottom=&#8221;90&#8243; top_shape_color=&#8221;#ffffff&#8221; bottom_shape_color=&#8221;#ffffff&#8221; sidebar=&#8221;sidebar-1&#8243;][vc_column][mk_fancy_title color=&#8221;#ffffff&#8221; size=&#8221;55&#8243; line_height=&#8221;83&#8243; margin_bottom=&#8221;0&#8243; font_family=&#8221;Monoton&#8221; font_type=&#8221;google&#8221; align=&#8221;center&#8221; animation=&#8221;bottom-to-top&#8221;]FEATURED[\/mk_fancy_title][mk_fancy_title tag_name=&#8221;h3&#8243; color=&#8221;#bdbdbd&#8221; size=&#8221;27&#8243; font_weight=&#8221;300&#8243; margin_bottom=&#8221;0&#8243; font_family=&#8221;Roboto+Condensed&#8221; font_type=&#8221;google&#8221; align=&#8221;center&#8221; animation=&#8221;bottom-to-top&#8221;]MY BEST ALBUMS[\/mk_fancy_title][mk_image src=&#8221;https:\/\/www.nj-fusion.com\/wp-content\/uploads\/2017\/02\/line.png&#8221; align=&#8221;center&#8221; margin_bottom=&#8221;14&#8243; animation=&#8221;bottom-to-top&#8221; crop=&#8221;false&#8221;][vc_row_inner][vc_column_inner width=&#8221;2\/12&#8243;][\/vc_column_inner][vc_column_inner width=&#8221;8\/12&#8243;][vc_column_text align=&#8221;center&#8221; margin_bottom=&#8221;4&#8243; animation=&#8221;bottom-to-top&#8221;]Dolor sit amet, conse ctetur adipiscing elit integer odio quam tristique et quam ut semper aliquam nibh fusce vel elit nec lectus.[\/vc_column_text][\/vc_column_inner][vc_column_inner width=&#8221;2\/12&#8243;][\/vc_column_inner][\/vc_row_inner][vc_row_inner][vc_column_inner][mk_tab_slider order=&#8221;ASC&#8221; animation=&#8221;bottom-to-top&#8221; button_size=&#8221;15&#8243; tabs=&#8221;47,52,50&#8243;][\/vc_column_inner][\/vc_row_inner][\/vc_column][\/mk_page_section][mk_page_section bg_image=&#8221;https:\/\/www.nj-fusion.com\/wp-content\/uploads\/2017\/02\/sec-bg.-1.jpg&#8221; bg_color=&#8221;#2b2b2b&#8221; attachment=&#8221;fixed&#8221; bg_repeat=&#8221;no-repeat&#8221; bg_stretch=&#8221;true&#8221; speed_factor=&#8221;0.5&#8243; min_height=&#8221;629&#8243; padding_top=&#8221;90&#8243; padding_bottom=&#8221;90&#8243; sidebar=&#8221;sidebar-1&#8243;][vc_column][mk_fancy_title color=&#8221;#ffffff&#8221; size=&#8221;55&#8243; line_height=&#8221;83&#8243; margin_bottom=&#8221;0&#8243; font_family=&#8221;Monoton&#8221; font_type=&#8221;google&#8221; align=&#8221;center&#8221; animation=&#8221;bottom-to-top&#8221;]A VENIR[\/mk_fancy_title][mk_fancy_title tag_name=&#8221;h3&#8243; color=&#8221;#bdbdbd&#8221; size=&#8221;27&#8243; font_weight=&#8221;300&#8243; margin_bottom=&#8221;0&#8243; font_family=&#8221;Roboto+Condensed&#8221; font_type=&#8221;google&#8221; align=&#8221;center&#8221; animation=&#8221;bottom-to-top&#8221;]NOS PROCHAINS EVENEMNTS[\/mk_fancy_title][mk_image src=&#8221;https:\/\/www.nj-fusion.com\/wp-content\/uploads\/2017\/02\/line.png&#8221; align=&#8221;center&#8221; margin_bottom=&#8221;14&#8243; animation=&#8221;bottom-to-top&#8221; crop=&#8221;false&#8221;][vc_row_inner][vc_column_inner width=&#8221;2\/12&#8243;][\/vc_column_inner][vc_column_inner width=&#8221;8\/12&#8243;][vc_column_text align=&#8221;center&#8221; margin_bottom=&#8221;24&#8243; animation=&#8221;bottom-to-top&#8221;]<span style=\"font-size: 17px; color: #929292;\">Sed ut perspiciatis unde omnis iste natus error sit voluptatem accusantium doloremque laudantium, totam rem aperiam, eaque ipsa&#8230;<\/span>[\/vc_column_text][\/vc_column_inner][vc_column_inner width=&#8221;2\/12&#8243;][\/vc_column_inner][\/vc_row_inner][vc_row_inner][vc_column_inner width=&#8221;1\/3&#8243;][\/vc_column_inner][vc_column_inner width=&#8221;1\/3&#8243;][mk_flipbox front_background_color=&#8221;#ef2e44&#8243; back_background_color=&#8221;#5eb898&#8243; image=&#8221;http:\/\/www.nj-fusion.com\/wp-content\/uploads\/2015\/11\/15493657_387645251571319_8432091371300562964_o.jpg&#8221; front_title=&#8221;Lili 24 &#8221; front_title_size=&#8221;18&#8243; front_title_color=&#8221;#ffffff&#8221; back_title=&#8221;Lili 24&#8243; back_title_size=&#8221;18&#8243; back_title_color=&#8221;#ffffff&#8221; font_weight=&#8221;bold&#8221; front_desc_size=&#8221;14&#8243; front_desc_color=&#8221;#ffffff&#8221; back_desc=&#8221;tout les jeudis<br \/>\nLili Blum<br \/>\nlilienblum 24, Tel Aviv-Jaffa&#8221; back_desc_size=&#8221;14&#8243; back_desc_color=&#8221;#ffffff&#8221; button_url=&#8221;#&#8221; button_text=&#8221;R\u00e9servation au 03 5103913&#8243; button_bg_color=&#8221;#ffffff&#8221; button_text_skin=&#8221;dark&#8221;][mk_padding_divider][\/vc_column_inner][vc_column_inner width=&#8221;1\/3&#8243;][\/vc_column_inner][\/vc_row_inner][\/vc_column][\/mk_page_section][mk_page_section bg_image=&#8221;https:\/\/www.nj-fusion.com\/wp-content\/uploads\/2017\/02\/saturation-51.jpg&#8221; attachment=&#8221;fixed&#8221; bg_repeat=&#8221;no-repeat&#8221; bg_stretch=&#8221;true&#8221; enable_3d=&#8221;true&#8221; speed_factor=&#8221;0.5&#8243; min_height=&#8221;654&#8243; padding_top=&#8221;90&#8243; padding_bottom=&#8221;74&#8243; sidebar=&#8221;sidebar-1&#8243;][vc_column][mk_fancy_title color=&#8221;#ffffff&#8221; size=&#8221;55&#8243; line_height=&#8221;83&#8243; margin_bottom=&#8221;0&#8243; font_family=&#8221;Monoton&#8221; font_type=&#8221;google&#8221; align=&#8221;center&#8221; animation=&#8221;bottom-to-top&#8221;]MY VIDEOS[\/mk_fancy_title][mk_fancy_title tag_name=&#8221;h3&#8243; color=&#8221;#bdbdbd&#8221; size=&#8221;27&#8243; font_weight=&#8221;300&#8243; margin_bottom=&#8221;0&#8243; font_family=&#8221;Roboto+Condensed&#8221; font_type=&#8221;google&#8221; align=&#8221;center&#8221; animation=&#8221;bottom-to-top&#8221;]WATCH NOW[\/mk_fancy_title][mk_image src=&#8221;https:\/\/www.nj-fusion.com\/wp-content\/uploads\/2017\/02\/line.png&#8221; align=&#8221;center&#8221; margin_bottom=&#8221;14&#8243; animation=&#8221;bottom-to-top&#8221; crop=&#8221;false&#8221;][vc_row_inner][vc_column_inner width=&#8221;2\/12&#8243;][\/vc_column_inner][vc_column_inner width=&#8221;8\/12&#8243;][vc_column_text align=&#8221;center&#8221; margin_bottom=&#8221;24&#8243; animation=&#8221;bottom-to-top&#8221;]<span style=\"font-size: 17px; color: #929292;\">At vero eos et accusamus et iusto odio dignissimos ducimus qui blanditiis praesentium voluptatum deleniti atque corrupti quos dolores&#8230;<\/span>[\/vc_column_text][\/vc_column_inner][vc_column_inner width=&#8221;2\/12&#8243;][\/vc_column_inner][\/vc_row_inner][vc_row_inner][vc_column_inner width=&#8221;1\/3&#8243;][mk_image src=&#8221;https:\/\/www.nj-fusion.com\/wp-content\/uploads\/2017\/02\/1x.jpg&#8221; lightbox=&#8221;true&#8221; custom_lightbox=&#8221;https:\/\/www.youtube.com\/watch?v=UPGwuMBJeMk&#8221; group=&#8221;HomepageVideos&#8221; align=&#8221;center&#8221; animation=&#8221;bottom-to-top&#8221; crop=&#8221;false&#8221;][mk_fancy_title tag_name=&#8221;h4&#8243; color=&#8221;#ffffff&#8221; size=&#8221;22&#8243; line_height=&#8221;1&#8243; font_weight=&#8221;300&#8243; margin_top=&#8221;15&#8243; margin_bottom=&#8221;0&#8243; font_family=&#8221;Roboto+Condensed&#8221; font_type=&#8221;google&#8221; align=&#8221;center&#8221; animation=&#8221;bottom-to-top&#8221;]<strong><span style=\"color: #ef2e44;\">FREEDOM\u00a0<\/span><\/strong>AT 21[\/mk_fancy_title][vc_column_text align=&#8221;center&#8221; animation=&#8221;bottom-to-top&#8221;]<span style=\"font-size: 14px;\">&#8220;2012-04-23&#8221;<\/span>[\/vc_column_text][\/vc_column_inner][vc_column_inner width=&#8221;1\/3&#8243;][mk_image src=&#8221;https:\/\/www.nj-fusion.com\/wp-content\/uploads\/2017\/02\/2x.png&#8221; lightbox=&#8221;true&#8221; custom_lightbox=&#8221;https:\/\/www.youtube.com\/watch?v=UPGwuMBJeMk&#8221; group=&#8221;HomepageVideos&#8221; align=&#8221;center&#8221; animation=&#8221;bottom-to-top&#8221; crop=&#8221;false&#8221;][mk_fancy_title tag_name=&#8221;h4&#8243; color=&#8221;#ffffff&#8221; size=&#8221;22&#8243; line_height=&#8221;1&#8243; font_weight=&#8221;300&#8243; margin_top=&#8221;15&#8243; margin_bottom=&#8221;0&#8243; font_family=&#8221;Roboto+Condensed&#8221; font_type=&#8221;google&#8221; align=&#8221;center&#8221; animation=&#8221;bottom-to-top&#8221;]<strong><span style=\"color: #ef2e44;\"> LONELY<\/span><\/strong> BOY[\/mk_fancy_title][vc_column_text align=&#8221;center&#8221; animation=&#8221;bottom-to-top&#8221;]<span style=\"font-size: 14px;\">&#8220;2012-07-12&#8221;<\/span>[\/vc_column_text][\/vc_column_inner][vc_column_inner width=&#8221;1\/3&#8243;][mk_image src=&#8221;https:\/\/www.nj-fusion.com\/wp-content\/uploads\/2017\/02\/3&#215;1.png&#8221; lightbox=&#8221;true&#8221; custom_lightbox=&#8221;https:\/\/www.youtube.com\/watch?v=UPGwuMBJeMk&#8221; group=&#8221;HomepageVideos&#8221; align=&#8221;center&#8221; animation=&#8221;bottom-to-top&#8221; crop=&#8221;false&#8221;][mk_fancy_title tag_name=&#8221;h4&#8243; color=&#8221;#ffffff&#8221; size=&#8221;22&#8243; line_height=&#8221;1&#8243; font_weight=&#8221;300&#8243; margin_top=&#8221;15&#8243; margin_bottom=&#8221;0&#8243; font_family=&#8221;Roboto+Condensed&#8221; font_type=&#8221;google&#8221; align=&#8221;center&#8221; animation=&#8221;bottom-to-top&#8221;]<strong><span style=\"color: #ef2e44;\">PRINCESS<\/span><\/strong> OF PERSIE[\/mk_fancy_title][vc_column_text align=&#8221;center&#8221; animation=&#8221;bottom-to-top&#8221;]<span style=\"font-size: 14px;\">&#8220;2013-04-15&#8221;<\/span>[\/vc_column_text][\/vc_column_inner][\/vc_row_inner][\/vc_column][\/mk_page_section][vc_row fullwidth=&#8221;true&#8221;][vc_column css=&#8221;.vc_custom_1447939642966{border-top-width: 1px !important;border-bottom-width: 1px !important;background-color: #262626 !important;border-top-color: #d8d8d8 !important;border-bottom-color: #d8d8d8 !important;}&#8221;][mk_padding_divider size=&#8221;80&#8243;][mk_fancy_title color=&#8221;#ffffff&#8221; size=&#8221;55&#8243; line_height=&#8221;83&#8243; margin_bottom=&#8221;0&#8243; font_family=&#8221;Monoton&#8221; font_type=&#8221;google&#8221; align=&#8221;center&#8221; animation=&#8221;bottom-to-top&#8221;]PHOTO[\/mk_fancy_title][mk_fancy_title tag_name=&#8221;h3&#8243; color=&#8221;#bdbdbd&#8221; size=&#8221;27&#8243; font_weight=&#8221;300&#8243; margin_bottom=&#8221;0&#8243; font_family=&#8221;Roboto+Condensed&#8221; font_type=&#8221;google&#8221; align=&#8221;center&#8221; animation=&#8221;bottom-to-top&#8221;]GALLERY[\/mk_fancy_title][mk_image src=&#8221;https:\/\/www.nj-fusion.com\/wp-content\/uploads\/2017\/02\/line.png&#8221; align=&#8221;center&#8221; margin_bottom=&#8221;14&#8243; animation=&#8221;bottom-to-top&#8221; crop=&#8221;false&#8221;][vc_row_inner][vc_column_inner width=&#8221;2\/12&#8243;][\/vc_column_inner][vc_column_inner width=&#8221;8\/12&#8243;][vc_column_text align=&#8221;center&#8221; margin_bottom=&#8221;24&#8243; animation=&#8221;bottom-to-top&#8221;]<span style=\"font-size: 17px; color: #929292;\">At vero eos et accusamus et iusto odio dignissimos ducimus qui blanditiis praesentium voluptatum deleniti atque corrupti quos dolores&#8230;<\/span>[\/vc_column_text][\/vc_column_inner][vc_column_inner width=&#8221;2\/12&#8243;][\/vc_column_inner][\/vc_row_inner][mk_portfolio style=&#8221;masonry&#8221; hover_scenarios=&#8221;fadebox&#8221; grid_spacing=&#8221;0&#8243; meta_type=&#8221;date&#8221; count=&#8221;-1&#8243; sortable=&#8221;false&#8221; pagination=&#8221;false&#8221; disable_permalink=&#8221;false&#8221; item_id=&#8221;1447071606-56408f76019b3&#8243;][\/vc_column][\/vc_row][mk_page_section bg_image=&#8221;https:\/\/www.nj-fusion.com\/wp-content\/uploads\/2016\/11\/bg21.jpg&#8221; attachment=&#8221;fixed&#8221; bg_repeat=&#8221;no-repeat&#8221; bg_stretch=&#8221;true&#8221; min_height=&#8221;524&#8243; padding_top=&#8221;90&#8243; padding_bottom=&#8221;14&#8243; sidebar=&#8221;sidebar-1&#8243;][vc_column][mk_fancy_title color=&#8221;#ffffff&#8221; size=&#8221;55&#8243; line_height=&#8221;83&#8243; margin_bottom=&#8221;0&#8243; font_family=&#8221;Monoton&#8221; font_type=&#8221;google&#8221; align=&#8221;center&#8221; animation=&#8221;bottom-to-top&#8221;]MUSICIANS[\/mk_fancy_title][mk_fancy_title tag_name=&#8221;h3&#8243; color=&#8221;#bdbdbd&#8221; size=&#8221;27&#8243; font_weight=&#8221;300&#8243; margin_bottom=&#8221;0&#8243; font_family=&#8221;Roboto+Condensed&#8221; font_type=&#8221;google&#8221; align=&#8221;center&#8221; animation=&#8221;bottom-to-top&#8221;]MY TEAM[\/mk_fancy_title][mk_image src=&#8221;https:\/\/www.nj-fusion.com\/wp-content\/uploads\/2017\/02\/line.png&#8221; align=&#8221;center&#8221; margin_bottom=&#8221;14&#8243; animation=&#8221;bottom-to-top&#8221; crop=&#8221;false&#8221;][vc_row_inner][vc_column_inner width=&#8221;2\/12&#8243;][\/vc_column_inner][vc_column_inner width=&#8221;8\/12&#8243;][vc_column_text align=&#8221;center&#8221; margin_bottom=&#8221;24&#8243; animation=&#8221;bottom-to-top&#8221;]<span style=\"font-size: 17px; color: #929292;\">On the other hand, we denounce with righteous indignation and dislike men who are so beguiled and demoralized by the charms&#8230;<\/span>[\/vc_column_text][\/vc_column_inner][vc_column_inner width=&#8221;2\/12&#8243;][\/vc_column_inner][\/vc_row_inner][mk_employees style=&#8221;classic&#8221; column=&#8221;4&#8243; description=&#8221;false&#8221; order=&#8221;ASC&#8221; animation=&#8221;bottom-to-top&#8221; name_color=&#8221;#ffffff&#8221; position_color=&#8221;#6d6d6d&#8221;][\/vc_column][\/mk_page_section]\n","protected":false},"excerpt":{"rendered":"<p>[mk_page_section bg_color=&#8221;#262626&#8243; bg_repeat=&#8221;repeat-x&#8221; bg_stretch=&#8221;true&#8221; min_height=&#8221;0&#8243; full_width=&#8221;true&#8221; full_height=&#8221;true&#8221; padding_top=&#8221;0&#8243; padding_bottom=&#8221;0&#8243; top_shape_color=&#8221;#ffffff&#8221; bottom_shape_color=&#8221;#ffffff&#8221; sidebar=&#8221;sidebar-1&#8243;][vc_column][mk_image src=&#8221;https:\/\/www.nj-fusion.com\/wp-content\/uploads\/2016\/11\/bg21.jpg&#8221; align=&#8221;center&#8221; margin_bottom=&#8221;14&#8243; animation=&#8221;bottom-to-top&#8221; crop=&#8221;false&#8221;][\/vc_column][\/mk_page_section][mk_page_section bg_color=&#8221;#262626&#8243; sidebar=&#8221;sidebar-1&#8243;][vc_column][mk_fancy_title tag_name=&#8221;h1&#8243; color=&#8221;#ffffff&#8221; size=&#8221;68&#8243; line_height=&#8221;90&#8243; font_family=&#8221;Monoton&#8221; font_type=&#8221;google&#8221; align=&#8221;center&#8221;] Orchestre, Live Band, Mariage en Israel [\/mk_fancy_title][vc_column_text]NJ Fusion est le fruit d&#8217;une collaboration entre plusieurs musiciens de diff\u00e9rents\u00a0horizons. Entre le Jazz, la Pop et le Blues, NJ Fusion propose [&hellip;]<\/p>\n","protected":false},"author":1,"featured_media":0,"parent":0,"menu_order":0,"comment_status":"closed","ping_status":"closed","template":"","meta":{"footnotes":""},"class_list":["post-981","page","type-page","status-publish","hentry"],"amp_enabled":false,"_links":{"self":[{"href":"https:\/\/www.nj-fusion.com\/en\/wp-json\/wp\/v2\/pages\/981","targetHints":{"allow":["GET"]}}],"collection":[{"href":"https:\/\/www.nj-fusion.com\/en\/wp-json\/wp\/v2\/pages"}],"about":[{"href":"https:\/\/www.nj-fusion.com\/en\/wp-json\/wp\/v2\/types\/page"}],"author":[{"embeddable":true,"href":"https:\/\/www.nj-fusion.com\/en\/wp-json\/wp\/v2\/users\/1"}],"replies":[{"embeddable":true,"href":"https:\/\/www.nj-fusion.com\/en\/wp-json\/wp\/v2\/comments?post=981"}],"version-history":[{"count":0,"href":"https:\/\/www.nj-fusion.com\/en\/wp-json\/wp\/v2\/pages\/981\/revisions"}],"wp:attachment":[{"href":"https:\/\/www.nj-fusion.com\/en\/wp-json\/wp\/v2\/media?parent=981"}],"curies":[{"name":"wp","href":"https:\/\/api.w.org\/{rel}","templated":true}]}}